{"id":2300,"date":"2024-06-21T14:44:39","date_gmt":"2024-06-21T17:44:39","guid":{"rendered":"http:\/\/associacaoabc.com.br\/site\/?page_id=2300"},"modified":"2024-06-21T16:30:08","modified_gmt":"2024-06-21T19:30:08","slug":"juridico","status":"publish","type":"page","link":"https:\/\/associacaoabc.com.br\/site\/juridico\/","title":{"rendered":"Jur\u00eddico"},"content":{"rendered":"\t\t<div data-elementor-type=\"wp-page\" data-elementor-id=\"2300\" class=\"elementor elementor-2300\">\n\t\t\t\t\t\t<section class=\"elementor-section elementor-top-section elementor-element elementor-element-54789e0 elementor-section-full_width fix elementor-section-height-default elementor-section-height-default\" data-id=\"54789e0\" data-element_type=\"section\" data-e-type=\"section\" data-settings=\"{&quot;background_background&quot;:&quot;classic&quot;}\">\n\t\t\t\t\t\t<div class=\"elementor-container elementor-column-gap-default\">\n\t\t\t\t\t<div class=\"elementor-column elementor-col-100 elementor-top-column elementor-element elementor-element-0e94527\" data-id=\"0e94527\" data-element_type=\"column\" data-e-type=\"column\">\n\t\t\t<div class=\"elementor-widget-wrap elementor-element-populated\">\n\t\t\t\t\t\t<section class=\"elementor-section elementor-inner-section elementor-element elementor-element-80d84db elementor-section-full_width elementor-section-height-default elementor-section-height-default\" data-id=\"80d84db\" data-element_type=\"section\" data-e-type=\"section\">\n\t\t\t\t\t\t<div class=\"elementor-container elementor-column-gap-default\">\n\t\t\t\t\t<div class=\"elementor-column elementor-col-100 elementor-inner-column elementor-element elementor-element-0baf9f0\" data-id=\"0baf9f0\" data-element_type=\"column\" data-e-type=\"column\">\n\t\t\t<div class=\"elementor-widget-wrap elementor-element-populated\">\n\t\t\t\t\t\t<div class=\"elementor-element elementor-element-a1afba3 elementor-widget elementor-widget-tx_heading elh-el tx_heading\" data-id=\"a1afba3\" data-element_type=\"widget\" data-e-type=\"widget\" data-settings=\"{&quot;design_style&quot;:&quot;style_1&quot;}\" data-widget_type=\"tx_heading.default\">\n\t\t\t\t<div class=\"elementor-widget-container\">\n\t\t\t\t\t<div class=\"section-title-wrap text-center\">\r\n        <h5 class=\"chy-subtitle-1 tx-subTitle wow fadeInDown isShape\">\r\n        Protegendo seus Direitos e Interesses    <\/h5>\r\n    \r\n    <h2 class=\"tx-title chy-title-1 chy-split-text chy-split-in-right\">Atendimento Jur\u00eddico <br>Completo para Associados<\/h2>\r\n        <p class=\"tx-description chy-para-1 wow \">\r\n            <\/p>\r\n    <\/div>\t\t\t\t<\/div>\n\t\t\t\t<\/div>\n\t\t\t\t\t<\/div>\n\t\t<\/div>\n\t\t\t\t\t<\/div>\n\t\t<\/section>\n\t\t\t\t<section class=\"elementor-section elementor-inner-section elementor-element elementor-element-d689b8e jobs-apply-area elementor-section-boxed elementor-section-height-default elementor-section-height-default\" data-id=\"d689b8e\" data-element_type=\"section\" data-e-type=\"section\">\n\t\t\t\t\t\t<div class=\"elementor-container elementor-column-gap-default\">\n\t\t\t\t\t<div class=\"elementor-column elementor-col-100 elementor-inner-column elementor-element elementor-element-ef3b29d\" data-id=\"ef3b29d\" data-element_type=\"column\" data-e-type=\"column\" data-settings=\"{&quot;background_background&quot;:&quot;classic&quot;}\">\n\t\t\t<div class=\"elementor-widget-wrap elementor-element-populated\">\n\t\t\t\t\t\t<div class=\"elementor-element elementor-element-b9a60fb elementor-widget elementor-widget-image\" data-id=\"b9a60fb\" data-element_type=\"widget\" data-e-type=\"widget\" data-widget_type=\"image.default\">\n\t\t\t\t<div class=\"elementor-widget-container\">\n\t\t\t\t\t\t\t\t\t\t\t\t\t\t\t<img fetchpriority=\"high\" decoding=\"async\" width=\"900\" height=\"1237\" src=\"https:\/\/associacaoabc.com.br\/site\/wp-content\/uploads\/2024\/06\/beneficio-advogado.jpg\" class=\"attachment-full size-full wp-image-2303\" alt=\"\" srcset=\"https:\/\/associacaoabc.com.br\/site\/wp-content\/uploads\/2024\/06\/beneficio-advogado.jpg 900w, https:\/\/associacaoabc.com.br\/site\/wp-content\/uploads\/2024\/06\/beneficio-advogado-218x300.jpg 218w, https:\/\/associacaoabc.com.br\/site\/wp-content\/uploads\/2024\/06\/beneficio-advogado-745x1024.jpg 745w, https:\/\/associacaoabc.com.br\/site\/wp-content\/uploads\/2024\/06\/beneficio-advogado-768x1056.jpg 768w, https:\/\/associacaoabc.com.br\/site\/wp-content\/uploads\/2024\/06\/beneficio-advogado-600x825.jpg 600w\" sizes=\"(max-width: 900px) 100vw, 900px\" \/>\t\t\t\t\t\t\t\t\t\t\t\t\t\t\t<\/div>\n\t\t\t\t<\/div>\n\t\t\t\t\t<\/div>\n\t\t<\/div>\n\t\t\t\t\t<\/div>\n\t\t<\/section>\n\t\t\t\t<section class=\"elementor-section elementor-inner-section elementor-element elementor-element-d58538e elementor-section-boxed elementor-section-height-default elementor-section-height-default\" data-id=\"d58538e\" data-element_type=\"section\" data-e-type=\"section\">\n\t\t\t\t\t\t<div class=\"elementor-container elementor-column-gap-default\">\n\t\t\t\t\t<div class=\"elementor-column elementor-col-33 elementor-inner-column elementor-element elementor-element-d28445c\" data-id=\"d28445c\" data-element_type=\"column\" data-e-type=\"column\" data-settings=\"{&quot;background_background&quot;:&quot;classic&quot;}\">\n\t\t\t<div class=\"elementor-widget-wrap\">\n\t\t\t\t\t\t\t<\/div>\n\t\t<\/div>\n\t\t\t\t<div class=\"elementor-column elementor-col-33 elementor-inner-column elementor-element elementor-element-934ca99\" data-id=\"934ca99\" data-element_type=\"column\" data-e-type=\"column\" data-settings=\"{&quot;background_background&quot;:&quot;classic&quot;}\">\n\t\t\t<div class=\"elementor-widget-wrap elementor-element-populated\">\n\t\t\t\t\t\t<div class=\"elementor-element elementor-element-f2ed06a elementor-widget elementor-widget-tx_heading elh-el tx_heading\" data-id=\"f2ed06a\" data-element_type=\"widget\" data-e-type=\"widget\" data-settings=\"{&quot;design_style&quot;:&quot;style_1&quot;}\" data-widget_type=\"tx_heading.default\">\n\t\t\t\t<div class=\"elementor-widget-container\">\n\t\t\t\t\t<div class=\"section-title-wrap text-center\">\r\n        <h5 class=\"chy-subtitle-1 tx-subTitle wow fadeInDown isShape\">\r\n        Protegendo seus Direitos e Interesses    <\/h5>\r\n    \r\n    <h2 class=\"tx-title chy-title-1 chy-split-text chy-split-in-right\">Agenda dos Advogados<\/h2>\r\n        <p class=\"tx-description chy-para-1 wow \">\r\n            <\/p>\r\n    <\/div>\t\t\t\t<\/div>\n\t\t\t\t<\/div>\n\t\t\t\t\t<\/div>\n\t\t<\/div>\n\t\t\t\t<div class=\"elementor-column elementor-col-33 elementor-inner-column elementor-element elementor-element-615efa5\" data-id=\"615efa5\" data-element_type=\"column\" data-e-type=\"column\" data-settings=\"{&quot;background_background&quot;:&quot;classic&quot;}\">\n\t\t\t<div class=\"elementor-widget-wrap\">\n\t\t\t\t\t\t\t<\/div>\n\t\t<\/div>\n\t\t\t\t\t<\/div>\n\t\t<\/section>\n\t\t\t\t<section class=\"elementor-section elementor-inner-section elementor-element elementor-element-1d1c64a elementor-section-boxed elementor-section-height-default elementor-section-height-default\" data-id=\"1d1c64a\" data-element_type=\"section\" data-e-type=\"section\">\n\t\t\t\t\t\t<div class=\"elementor-container elementor-column-gap-default\">\n\t\t\t\t\t<div class=\"elementor-column elementor-col-33 elementor-inner-column elementor-element elementor-element-51bc035\" data-id=\"51bc035\" data-element_type=\"column\" data-e-type=\"column\" data-settings=\"{&quot;background_background&quot;:&quot;classic&quot;}\">\n\t\t\t<div class=\"elementor-widget-wrap elementor-element-populated\">\n\t\t\t\t\t\t<div class=\"elementor-element elementor-element-04f36bd elementor-widget elementor-widget-tx_info_box elh-el tx_info_box\" data-id=\"04f36bd\" data-element_type=\"widget\" data-e-type=\"widget\" data-settings=\"{&quot;design_style&quot;:&quot;style_3&quot;}\" data-widget_type=\"tx_info_box.default\">\n\t\t\t\t<div class=\"elementor-widget-container\">\n\t\t\t\t\t<div class=\"chy-services-2-item tx-infoBox asslideupcta \">\r\n    <div class=\"tilt_scale\">\r\n                <div class=\"icon\">\r\n                            <i aria-hidden=\"true\" class=\"fas fa-clinic-medical\"><\/i>                    <\/div>\r\n        \r\n                <h5 class=\"chy-heading-1 title tx-title\">\r\n            <a href=\"\">\r\n                Medicamentos de Alto Custo, Civil (Agendar Hor\u00e1rio)            <\/a>\r\n        <\/h5>\r\n        \r\n                <p class=\"chy-para-2 disc tx-description\">Dra. Camila<br>\nTer\u00e7a-feira das 09h00 \u00e0s 11:00h\nQuinta-feira das 13h00 \u00e0s 15:00h<\/p>\r\n            <\/div>\r\n<\/div>\t\t\t\t<\/div>\n\t\t\t\t<\/div>\n\t\t\t\t\t<\/div>\n\t\t<\/div>\n\t\t\t\t<div class=\"elementor-column elementor-col-33 elementor-inner-column elementor-element elementor-element-2fea84c\" data-id=\"2fea84c\" data-element_type=\"column\" data-e-type=\"column\" data-settings=\"{&quot;background_background&quot;:&quot;classic&quot;}\">\n\t\t\t<div class=\"elementor-widget-wrap elementor-element-populated\">\n\t\t\t\t\t\t<div class=\"elementor-element elementor-element-74a693f elementor-widget elementor-widget-tx_info_box elh-el tx_info_box\" data-id=\"74a693f\" data-element_type=\"widget\" data-e-type=\"widget\" data-settings=\"{&quot;design_style&quot;:&quot;style_3&quot;}\" data-widget_type=\"tx_info_box.default\">\n\t\t\t\t<div class=\"elementor-widget-container\">\n\t\t\t\t\t<div class=\"chy-services-2-item tx-infoBox asslideupcta \">\r\n    <div class=\"tilt_scale\">\r\n                <div class=\"icon\">\r\n                            <i aria-hidden=\"true\" class=\"fas fa-balance-scale\"><\/i>                    <\/div>\r\n        \r\n                <h5 class=\"chy-heading-1 title tx-title\">\r\n            <a href=\"\">\r\n                Criminal (Agendar Hor\u00e1rio)            <\/a>\r\n        <\/h5>\r\n        \r\n                <p class=\"chy-para-2 disc tx-description\">Dr. Marcelo<br>\nTer\u00e7a-feira das 09h00 \u00e0s 11:00h\nQuinta-feira das 13h00 \u00e0s 15:00h<\/p>\r\n            <\/div>\r\n<\/div>\t\t\t\t<\/div>\n\t\t\t\t<\/div>\n\t\t\t\t\t<\/div>\n\t\t<\/div>\n\t\t\t\t<div class=\"elementor-column elementor-col-33 elementor-inner-column elementor-element elementor-element-e38e15e\" data-id=\"e38e15e\" data-element_type=\"column\" data-e-type=\"column\" data-settings=\"{&quot;background_background&quot;:&quot;classic&quot;}\">\n\t\t\t<div class=\"elementor-widget-wrap elementor-element-populated\">\n\t\t\t\t\t\t<div class=\"elementor-element elementor-element-9303170 elementor-widget elementor-widget-tx_info_box elh-el tx_info_box\" data-id=\"9303170\" data-element_type=\"widget\" data-e-type=\"widget\" data-settings=\"{&quot;design_style&quot;:&quot;style_3&quot;}\" data-widget_type=\"tx_info_box.default\">\n\t\t\t\t<div class=\"elementor-widget-container\">\n\t\t\t\t\t<div class=\"chy-services-2-item tx-infoBox asslideupcta \">\r\n    <div class=\"tilt_scale\">\r\n                <div class=\"icon\">\r\n                            <i aria-hidden=\"true\" class=\"fas fa-hammer\"><\/i>                    <\/div>\r\n        \r\n                <h5 class=\"chy-heading-1 title tx-title\">\r\n            <a href=\"\">\r\n                Previdenci\u00e1rio e Trabalhista (Agendar Hor\u00e1rio)            <\/a>\r\n        <\/h5>\r\n        \r\n                <p class=\"chy-para-2 disc tx-description\">Dra. Andr\u00e9ia e Dra. Viviane<br>\nSegunda-feira das 09:00 \u00e0s 11:30h<\/p>\r\n            <\/div>\r\n<\/div>\t\t\t\t<\/div>\n\t\t\t\t<\/div>\n\t\t\t\t\t<\/div>\n\t\t<\/div>\n\t\t\t\t\t<\/div>\n\t\t<\/section>\n\t\t\t\t\t<\/div>\n\t\t<\/div>\n\t\t\t\t\t<\/div>\n\t\t<\/section>\n\t\t\t\t<\/div>\n\t\t","protected":false},"excerpt":{"rendered":"<p>Protegendo seus Direitos e Interesses Atendimento Jur\u00eddico Completo para Associados Protegendo seus Direitos e Interesses Agenda dos Advogados Medicamentos de Alto Custo, Civil (Agendar Hor\u00e1rio) Dra. Camila Ter\u00e7a-feira das 09h00 \u00e0s 11:00h Quinta-feira das 13h00 \u00e0s 15:00h Criminal (Agendar Hor\u00e1rio) Dr. Marcelo Ter\u00e7a-feira das 09h00 \u00e0s 11:00h Quinta-feira das 13h00 \u00e0s 15:00h Previdenci\u00e1rio e Trabalhista [&hellip;]<\/p>\n","protected":false},"author":1,"featured_media":0,"parent":0,"menu_order":0,"comment_status":"closed","ping_status":"closed","template":"elementor_header_footer","meta":{"inline_featured_image":false,"_joinchat":[],"footnotes":""},"class_list":["post-2300","page","type-page","status-publish","hentry"],"_links":{"self":[{"href":"https:\/\/associacaoabc.com.br\/site\/wp-json\/wp\/v2\/pages\/2300","targetHints":{"allow":["GET"]}}],"collection":[{"href":"https:\/\/associacaoabc.com.br\/site\/wp-json\/wp\/v2\/pages"}],"about":[{"href":"https:\/\/associacaoabc.com.br\/site\/wp-json\/wp\/v2\/types\/page"}],"author":[{"embeddable":true,"href":"https:\/\/associacaoabc.com.br\/site\/wp-json\/wp\/v2\/users\/1"}],"replies":[{"embeddable":true,"href":"https:\/\/associacaoabc.com.br\/site\/wp-json\/wp\/v2\/comments?post=2300"}],"version-history":[{"count":19,"href":"https:\/\/associacaoabc.com.br\/site\/wp-json\/wp\/v2\/pages\/2300\/revisions"}],"predecessor-version":[{"id":2325,"href":"https:\/\/associacaoabc.com.br\/site\/wp-json\/wp\/v2\/pages\/2300\/revisions\/2325"}],"wp:attachment":[{"href":"https:\/\/associacaoabc.com.br\/site\/wp-json\/wp\/v2\/media?parent=2300"}],"curies":[{"name":"wp","href":"https:\/\/api.w.org\/{rel}","templated":true}]}}