{"id":446,"date":"2024-01-05T10:29:52","date_gmt":"2024-01-05T10:29:52","guid":{"rendered":"https:\/\/themexriver.com\/wp\/choicy\/?page_id=446"},"modified":"2025-04-30T15:19:26","modified_gmt":"2025-04-30T18:19:26","slug":"home-03","status":"publish","type":"page","link":"https:\/\/associacaoabc.com.br\/site\/","title":{"rendered":"Home"},"content":{"rendered":"\t\t<div data-elementor-type=\"wp-page\" data-elementor-id=\"446\" class=\"elementor elementor-446\">\n\t\t\t\t\t\t<section class=\"elementor-section elementor-top-section elementor-element elementor-element-838faf6 elementor-section-full_width elementor-section-height-default elementor-section-height-default\" data-id=\"838faf6\" data-element_type=\"section\" data-e-type=\"section\" data-settings=\"{&quot;background_background&quot;:&quot;classic&quot;}\">\n\t\t\t\t\t\t<div class=\"elementor-container elementor-column-gap-default\">\n\t\t\t\t\t<div class=\"elementor-column elementor-col-100 elementor-top-column elementor-element elementor-element-77ef681\" data-id=\"77ef681\" data-element_type=\"column\" data-e-type=\"column\">\n\t\t\t<div class=\"elementor-widget-wrap elementor-element-populated\">\n\t\t\t\t\t\t<div class=\"elementor-element elementor-element-0ea8e74 elementor-widget elementor-widget-tx_hero_slider elh-el tx_hero_slider\" data-id=\"0ea8e74\" data-element_type=\"widget\" data-e-type=\"widget\" data-settings=\"{&quot;design_style&quot;:&quot;style_2&quot;}\" data-widget_type=\"tx_hero_slider.default\">\n\t\t\t\t<div class=\"elementor-widget-container\">\n\t\t\t\t\t<div class=\"chy-hero-3-area fix\" >\r\n    <div class=\"chy-hero-3-slider\">\r\n        <div class=\"swiper-container chy_hero_2_active\" data-speed=\"6000\" data-delay=\"6000\">\r\n            <div class=\"swiper-wrapper\">\r\n\r\n                                <div class=\"swiper-slide\">\r\n                    <div class=\"chy-hero-3-item-wrap tx-section\">\r\n                                                <div class=\"bg-img img-cover\">\r\n                            <img decoding=\"async\" src=\"https:\/\/associacaoabc.com.br\/site\/wp-content\/uploads\/2024\/06\/banner-principal-3.png\" alt=\"\">\r\n                        <\/div>\r\n                                                <div class=\"container chy-container-1\">\r\n                            <div class=\"chy-hero-3-item\">\r\n                                \r\n                                \r\n                                <div class=\"chy-hero-3-item-content\">\r\n                                                                        <h3 class=\"tx-title chy-heading-1 hero-3-title\">Confira nossos<\/h3><h3 class=\"tx-title chy-heading-1 hero-3-title-2\">Benef\u00edcios<\/h3>                                                                        <div class=\"btn-position\">\r\n                                        <a class=\"chy-pr-btn-4\" href=\"https:\/\/associacaoabc.com.br\/site\/beneficios\/\">\r\n                                            Confira                                        <\/a>\r\n                                    <\/div>\r\n                                                                    <\/div>\r\n                            <\/div>\r\n                        <\/div>\r\n                    <\/div>\r\n                <\/div>\r\n                                <div class=\"swiper-slide\">\r\n                    <div class=\"chy-hero-3-item-wrap tx-section\">\r\n                                                <div class=\"bg-img img-cover\">\r\n                            <img decoding=\"async\" src=\"https:\/\/associacaoabc.com.br\/site\/wp-content\/uploads\/2024\/06\/3.png\" alt=\"\">\r\n                        <\/div>\r\n                                                <div class=\"container chy-container-1\">\r\n                            <div class=\"chy-hero-3-item\">\r\n                                \r\n                                \r\n                                <div class=\"chy-hero-3-item-content\">\r\n                                                                        <h3 class=\"tx-title chy-heading-1 hero-3-title tx-title chy-heading-1 hero-3-title\">Torne-se um<\/h3><h3 class=\"tx-title chy-heading-1 hero-3-title-2 tx-title chy-heading-1 hero-3-title-2\">Associado<\/h3>                                                                        <div class=\"btn-position\">\r\n                                        <a class=\"chy-pr-btn-4\" href=\"https:\/\/associacaoabc.com.br\/site\/contato\">\r\n                                            Entre em contato!                                        <\/a>\r\n                                    <\/div>\r\n                                                                    <\/div>\r\n                            <\/div>\r\n                        <\/div>\r\n                    <\/div>\r\n                <\/div>\r\n                \r\n            <\/div>\r\n        <\/div>\r\n\r\n                <div class=\"chy-hero-2-btn\">\r\n            <div class=\"chy_hero_2_prev\">\r\n                <i class=\"far fa-long-arrow-left\"><\/i>\r\n            <\/div>\r\n            <div class=\"chy_hero_2_next\">\r\n                <i class=\"far fa-long-arrow-right\"><\/i>\r\n            <\/div>\r\n        <\/div>\r\n        \r\n    <\/div>\r\n<\/div>\t\t\t\t<\/div>\n\t\t\t\t<\/div>\n\t\t\t\t\t<\/div>\n\t\t<\/div>\n\t\t\t\t\t<\/div>\n\t\t<\/section>\n\t\t\t\t<section class=\"elementor-section elementor-top-section elementor-element elementor-element-70227b3 elementor-section-boxed elementor-section-height-default elementor-section-height-default\" data-id=\"70227b3\" data-element_type=\"section\" data-e-type=\"section\" data-settings=\"{&quot;background_background&quot;:&quot;classic&quot;}\">\n\t\t\t\t\t\t<div class=\"elementor-container elementor-column-gap-default\">\n\t\t\t\t\t<div class=\"elementor-column elementor-col-50 elementor-top-column elementor-element elementor-element-dfe7de5\" data-id=\"dfe7de5\" data-element_type=\"column\" data-e-type=\"column\">\n\t\t\t<div class=\"elementor-widget-wrap elementor-element-populated\">\n\t\t\t\t\t\t<div class=\"elementor-element elementor-element-fdc4bf4 elementor-widget__width-initial elementor-widget elementor-widget-tx_image_box elh-el tx_image_box\" data-id=\"fdc4bf4\" data-element_type=\"widget\" data-e-type=\"widget\" data-settings=\"{&quot;design_style&quot;:&quot;style_4&quot;,&quot;image_1&quot;:{&quot;url&quot;:&quot;https:\\\/\\\/associacaoabc.com.br\\\/site\\\/wp-content\\\/uploads\\\/2024\\\/06\\\/2.jpg&quot;,&quot;id&quot;:2276,&quot;size&quot;:&quot;&quot;,&quot;alt&quot;:&quot;&quot;,&quot;source&quot;:&quot;library&quot;},&quot;image_2&quot;:{&quot;url&quot;:&quot;https:\\\/\\\/associacaoabc.com.br\\\/site\\\/wp-content\\\/uploads\\\/2024\\\/06\\\/1.jpg&quot;,&quot;id&quot;:2275,&quot;size&quot;:&quot;&quot;,&quot;alt&quot;:&quot;&quot;,&quot;source&quot;:&quot;library&quot;},&quot;enable_feature_lists&quot;:&quot;yes&quot;}\" data-widget_type=\"tx_image_box.default\">\n\t\t\t\t<div class=\"elementor-widget-container\">\n\t\t\t\t\t<div class=\"chy-research-3-img\">\r\n        <div class=\"main-img img-cover  chy-slideinup\">\r\n        <img decoding=\"async\" src=\"https:\/\/associacaoabc.com.br\/site\/wp-content\/uploads\/2024\/06\/2.jpg\" alt=\"\">\r\n    <\/div>\r\n    \r\n        <div class=\"main-img img-cover chy-slideinup \">\r\n        <img decoding=\"async\" src=\"https:\/\/associacaoabc.com.br\/site\/wp-content\/uploads\/2024\/06\/1.jpg\" alt=\"\">\r\n    <\/div>\r\n    <\/div>\t\t\t\t<\/div>\n\t\t\t\t<\/div>\n\t\t\t\t\t<\/div>\n\t\t<\/div>\n\t\t\t\t<div class=\"elementor-column elementor-col-50 elementor-top-column elementor-element elementor-element-4142070\" data-id=\"4142070\" data-element_type=\"column\" data-e-type=\"column\">\n\t\t\t<div class=\"elementor-widget-wrap elementor-element-populated\">\n\t\t\t\t\t\t<section class=\"elementor-section elementor-inner-section elementor-element elementor-element-15c10cd elementor-section-boxed elementor-section-height-default elementor-section-height-default\" data-id=\"15c10cd\" data-element_type=\"section\" data-e-type=\"section\">\n\t\t\t\t\t\t<div class=\"elementor-container elementor-column-gap-default\">\n\t\t\t\t\t<div class=\"elementor-column elementor-col-100 elementor-inner-column elementor-element elementor-element-9155176\" data-id=\"9155176\" data-element_type=\"column\" data-e-type=\"column\">\n\t\t\t<div class=\"elementor-widget-wrap elementor-element-populated\">\n\t\t\t\t\t\t<div class=\"elementor-element elementor-element-83eaeb8 elementor-widget__width-initial elementor-widget elementor-widget-tx_heading elh-el tx_heading\" data-id=\"83eaeb8\" data-element_type=\"widget\" data-e-type=\"widget\" data-settings=\"{&quot;design_style&quot;:&quot;style_3&quot;}\" data-widget_type=\"tx_heading.default\">\n\t\t\t\t<div class=\"elementor-widget-container\">\n\t\t\t\t\t<div class=\"section-title-wrap text-left\">\r\n        <h5 class=\"chy-subtitle-3 tx-subTitle wow fadeInRight isShape\">\r\n        Quem somos    <\/h5>\r\n    \r\n    <h2 class=\"tx-title chy-title-3 chy-split-text chy-split-in-right-2\">Sobre a Associa\u00e7\u00e3o<\/h2>\r\n        <p class=\"tx-description chy-para-3 wow fadeInRight\">\r\n        A Associa\u00e7\u00e3o dos Aposentados e Pensionistas defende os direitos e interesses dos associados. Somos uma entidade privada, sem fins econ\u00f4micos, que promove a\u00e7\u00f5es assistenciais, recreativas e educacionais para aposentados e pensionistas da regi\u00e3o do Grande ABCDMRPRGS.    <\/p>\r\n    <\/div>\t\t\t\t<\/div>\n\t\t\t\t<\/div>\n\t\t\t\t\t<\/div>\n\t\t<\/div>\n\t\t\t\t\t<\/div>\n\t\t<\/section>\n\t\t\t\t<section class=\"elementor-section elementor-inner-section elementor-element elementor-element-53782e8 elementor-section-boxed elementor-section-height-default elementor-section-height-default\" data-id=\"53782e8\" data-element_type=\"section\" data-e-type=\"section\">\n\t\t\t\t\t\t<div class=\"elementor-container elementor-column-gap-default\">\n\t\t\t\t\t<div class=\"elementor-column elementor-col-100 elementor-inner-column elementor-element elementor-element-1dfbf69\" data-id=\"1dfbf69\" data-element_type=\"column\" data-e-type=\"column\">\n\t\t\t<div class=\"elementor-widget-wrap elementor-element-populated\">\n\t\t\t\t\t\t<div class=\"elementor-element elementor-element-ecae652 elementor-widget elementor-widget-tx_button elh-el tx_button\" data-id=\"ecae652\" data-element_type=\"widget\" data-e-type=\"widget\" data-settings=\"{&quot;design_style&quot;:&quot;style_3&quot;,&quot;_animation&quot;:&quot;none&quot;}\" data-widget_type=\"tx_button.default\">\n\t\t\t\t<div class=\"elementor-widget-container\">\n\t\t\t\t\t<div class=\"btn-wrapper  text-left\">\r\n    <a class=\"chy-pr-btn-4 tx-button none\" href=\"https:\/\/associacaoabc.com.br\/site\/quem-somos\/\" target=\"_self\" rel=\"\">\r\n        Venha nos conhecer            <\/a>\r\n<\/div>\r\n\t\t\t\t<\/div>\n\t\t\t\t<\/div>\n\t\t\t\t\t<\/div>\n\t\t<\/div>\n\t\t\t\t\t<\/div>\n\t\t<\/section>\n\t\t\t\t\t<\/div>\n\t\t<\/div>\n\t\t\t\t\t<\/div>\n\t\t<\/section>\n\t\t\t\t<section class=\"elementor-section elementor-top-section elementor-element elementor-element-50687e9 elementor-section-boxed elementor-section-height-default elementor-section-height-default\" data-id=\"50687e9\" data-element_type=\"section\" data-e-type=\"section\">\n\t\t\t\t\t\t<div class=\"elementor-container elementor-column-gap-default\">\n\t\t\t\t\t<div class=\"elementor-column elementor-col-100 elementor-top-column elementor-element elementor-element-82cf309\" data-id=\"82cf309\" data-element_type=\"column\" data-e-type=\"column\">\n\t\t\t<div class=\"elementor-widget-wrap elementor-element-populated\">\n\t\t\t\t\t\t<div class=\"elementor-element elementor-element-8026e27 elementor-widget__width-initial elementor-widget elementor-widget-tx_heading elh-el tx_heading\" data-id=\"8026e27\" data-element_type=\"widget\" data-e-type=\"widget\" data-settings=\"{&quot;design_style&quot;:&quot;style_3&quot;}\" data-widget_type=\"tx_heading.default\">\n\t\t\t\t<div class=\"elementor-widget-container\">\n\t\t\t\t\t<div class=\"section-title-wrap text-center\">\r\n        <h5 class=\"chy-subtitle-3 tx-subTitle wow fadeInDown isShape\">\r\n        Not\u00edcias    <\/h5>\r\n    \r\n    <h2 class=\"tx-title chy-title-3 chy-split-text chy-split-in-right-2\">Dicas, Not\u00edcias e Novidades<\/h2>\r\n    <\/div>\t\t\t\t<\/div>\n\t\t\t\t<\/div>\n\t\t\t\t\t<\/div>\n\t\t<\/div>\n\t\t\t\t\t<\/div>\n\t\t<\/section>\n\t\t\t\t<section class=\"elementor-section elementor-top-section elementor-element elementor-element-b409d97 elementor-section-boxed elementor-section-height-default elementor-section-height-default\" data-id=\"b409d97\" data-element_type=\"section\" data-e-type=\"section\">\n\t\t\t\t\t\t<div class=\"elementor-container elementor-column-gap-default\">\n\t\t\t\t\t<div class=\"elementor-column elementor-col-100 elementor-top-column elementor-element elementor-element-b555d1c\" data-id=\"b555d1c\" data-element_type=\"column\" data-e-type=\"column\">\n\t\t\t<div class=\"elementor-widget-wrap elementor-element-populated\">\n\t\t\t\t\t\t<div class=\"elementor-element elementor-element-74c12cf elementor-widget elementor-widget-tx_post_grid elh-el tx_post_grid\" data-id=\"74c12cf\" data-element_type=\"widget\" data-e-type=\"widget\" data-settings=\"{&quot;design_style&quot;:&quot;style_1&quot;,&quot;choose_columns&quot;:&quot;column_3&quot;}\" data-widget_type=\"tx_post_grid.default\">\n\t\t\t\t<div class=\"elementor-widget-container\">\n\t\t\t\t\t<div class=\"container chy-container-1\">\r\n    <div class=\"row mt-none-30\">\r\n\r\n                <div class=\"col-xl-4 col-lg-6 col-md-6\">\r\n            <div class=\"chy-blog-1-item mb-0 mt-30\">\r\n                                <div class=\"main-img img-cover\">\r\n                    <img decoding=\"async\" src=\"https:\/\/associacaoabc.com.br\/site\/wp-content\/uploads\/2026\/01\/news.jpeg\" alt=\"\">\r\n                <\/div>\r\n                \r\n                                <span class=\"chy-para-1 date\">\r\n                    27 de janeiro de 2026                <\/span>\r\n                \r\n                <h4 class=\"chy-heading-1 title tx-title\">\r\n                    <a href=\"https:\/\/associacaoabc.com.br\/site\/novos-dias-de-atendimento\/\">\r\n                        Novos dias de atendimento                    <\/a>\r\n                <\/h4>\r\n                \r\n                                <div class=\"author\">\r\n                    <div class=\"img img-cover\">\r\n                        <img decoding=\"async\" src=\"https:\/\/secure.gravatar.com\/avatar\/9c3cb43d6fe12783c29c01aa7cb63377664a1f4a385ed04afd692e4b71ad305a?s=50&#038;d=mm&#038;r=g\" alt=\"\">\r\n                    <\/div>\r\n                    <span class=\"chy-heading-1 name\">Escrito por admin<\/span>\r\n                    <span class=\"line\"><\/span>\r\n                <\/div>\r\n                \r\n            <\/div>\r\n        <\/div>\r\n                <div class=\"col-xl-4 col-lg-6 col-md-6\">\r\n            <div class=\"chy-blog-1-item mb-0 mt-30\">\r\n                                <div class=\"main-img img-cover\">\r\n                    <img decoding=\"async\" src=\"https:\/\/associacaoabc.com.br\/site\/wp-content\/uploads\/2025\/04\/evento1-1024x1024.jpeg\" alt=\"\">\r\n                <\/div>\r\n                \r\n                                <span class=\"chy-para-1 date\">\r\n                    30 de abril de 2025                <\/span>\r\n                \r\n                <h4 class=\"chy-heading-1 title tx-title\">\r\n                    <a href=\"https:\/\/associacaoabc.com.br\/site\/palestra-presencial\/\">\r\n                        Palestra Presencial                    <\/a>\r\n                <\/h4>\r\n                \r\n                                <div class=\"author\">\r\n                    <div class=\"img img-cover\">\r\n                        <img decoding=\"async\" src=\"https:\/\/secure.gravatar.com\/avatar\/9c3cb43d6fe12783c29c01aa7cb63377664a1f4a385ed04afd692e4b71ad305a?s=50&#038;d=mm&#038;r=g\" alt=\"\">\r\n                    <\/div>\r\n                    <span class=\"chy-heading-1 name\">Escrito por admin<\/span>\r\n                    <span class=\"line\"><\/span>\r\n                <\/div>\r\n                \r\n            <\/div>\r\n        <\/div>\r\n                <div class=\"col-xl-4 col-lg-6 col-md-6\">\r\n            <div class=\"chy-blog-1-item mb-0 mt-30\">\r\n                                <div class=\"main-img img-cover\">\r\n                    <img decoding=\"async\" src=\"https:\/\/associacaoabc.com.br\/site\/wp-content\/uploads\/2025\/04\/img1.png\" alt=\"\">\r\n                <\/div>\r\n                \r\n                                <span class=\"chy-para-1 date\">\r\n                    28 de abril de 2025                <\/span>\r\n                \r\n                <h4 class=\"chy-heading-1 title tx-title\">\r\n                    <a href=\"https:\/\/associacaoabc.com.br\/site\/em-defesa-da-cobap-federacoes-e-associacoes-filiadas\/\">\r\n                        EM DEFESA DA COBAP, FEDERA\u00c7\u00d5ES E ASSOCIA\u00c7\u00d5ES FILIADAS!                    <\/a>\r\n                <\/h4>\r\n                \r\n                                <div class=\"author\">\r\n                    <div class=\"img img-cover\">\r\n                        <img decoding=\"async\" src=\"https:\/\/secure.gravatar.com\/avatar\/9c3cb43d6fe12783c29c01aa7cb63377664a1f4a385ed04afd692e4b71ad305a?s=50&#038;d=mm&#038;r=g\" alt=\"\">\r\n                    <\/div>\r\n                    <span class=\"chy-heading-1 name\">Escrito por admin<\/span>\r\n                    <span class=\"line\"><\/span>\r\n                <\/div>\r\n                \r\n            <\/div>\r\n        <\/div>\r\n            <\/div>\r\n<\/div>\t\t\t\t<\/div>\n\t\t\t\t<\/div>\n\t\t\t\t<div class=\"elementor-element elementor-element-ee7b522 elementor-widget elementor-widget-tx_button elh-el tx_button\" data-id=\"ee7b522\" data-element_type=\"widget\" data-e-type=\"widget\" data-settings=\"{&quot;design_style&quot;:&quot;style_3&quot;,&quot;_animation&quot;:&quot;none&quot;}\" data-widget_type=\"tx_button.default\">\n\t\t\t\t<div class=\"elementor-widget-container\">\n\t\t\t\t\t<div class=\"btn-wrapper  text-center\">\r\n    <a class=\"chy-pr-btn-4 tx-button none\" href=\"https:\/\/associacaoabc.com.br\/site\/blog\/\" target=\"_self\" rel=\"\">\r\n        Ver mais publica\u00e7\u00f5es            <\/a>\r\n<\/div>\r\n\t\t\t\t<\/div>\n\t\t\t\t<\/div>\n\t\t\t\t\t<\/div>\n\t\t<\/div>\n\t\t\t\t\t<\/div>\n\t\t<\/section>\n\t\t\t\t<section class=\"elementor-section elementor-top-section elementor-element elementor-element-e1a77da fix elementor-section-boxed elementor-section-height-default elementor-section-height-default\" data-id=\"e1a77da\" data-element_type=\"section\" data-e-type=\"section\" data-settings=\"{&quot;background_background&quot;:&quot;gradient&quot;}\">\n\t\t\t\t\t\t<div class=\"elementor-container elementor-column-gap-default\">\n\t\t\t\t\t<div class=\"elementor-column elementor-col-50 elementor-top-column elementor-element elementor-element-af2e22d\" data-id=\"af2e22d\" data-element_type=\"column\" data-e-type=\"column\">\n\t\t\t<div class=\"elementor-widget-wrap elementor-element-populated\">\n\t\t\t\t\t\t<div class=\"elementor-element elementor-element-ae6a8a3 elementor-widget__width-initial elementor-widget elementor-widget-tx_heading elh-el tx_heading\" data-id=\"ae6a8a3\" data-element_type=\"widget\" data-e-type=\"widget\" data-settings=\"{&quot;design_style&quot;:&quot;style_1&quot;}\" data-widget_type=\"tx_heading.default\">\n\t\t\t\t<div class=\"elementor-widget-container\">\n\t\t\t\t\t<div class=\"section-title-wrap text-left\">\r\n    \r\n    <h2 class=\"tx-title chy-title-1 chy-split-text chy-split-in-right-2\">Voc\u00ea est\u00e1 pronto para aproveitar ao m\u00e1ximo sua aposentadoria?<\/h2>\r\n        <p class=\"tx-description chy-para-1 wow fadeInRight\">\r\n        Seja parte da Associa\u00e7\u00e3o de Trabalhadores Aposentados e Pensionistas e descubra uma rede de apoio, benef\u00edcios exclusivos e atividades enriquecedoras para todos os membros.    <\/p>\r\n    <\/div>\t\t\t\t<\/div>\n\t\t\t\t<\/div>\n\t\t\t\t\t<\/div>\n\t\t<\/div>\n\t\t\t\t<div class=\"elementor-column elementor-col-50 elementor-top-column elementor-element elementor-element-e44d7f4\" data-id=\"e44d7f4\" data-element_type=\"column\" data-e-type=\"column\">\n\t\t\t<div class=\"elementor-widget-wrap elementor-element-populated\">\n\t\t\t\t\t\t<div class=\"elementor-element elementor-element-0c05677 elementor-align-center elementor-widget elementor-widget-button\" data-id=\"0c05677\" data-element_type=\"widget\" data-e-type=\"widget\" data-widget_type=\"button.default\">\n\t\t\t\t<div class=\"elementor-widget-container\">\n\t\t\t\t\t\t\t\t\t<div class=\"elementor-button-wrapper\">\n\t\t\t\t\t<a class=\"elementor-button elementor-button-link elementor-size-sm\" href=\"https:\/\/associacaoabc.com.br\/site\/contato\/\">\n\t\t\t\t\t\t<span class=\"elementor-button-content-wrapper\">\n\t\t\t\t\t\t\t\t\t<span class=\"elementor-button-text\">Fale Conosco!<\/span>\n\t\t\t\t\t<\/span>\n\t\t\t\t\t<\/a>\n\t\t\t\t<\/div>\n\t\t\t\t\t\t\t\t<\/div>\n\t\t\t\t<\/div>\n\t\t\t\t\t<\/div>\n\t\t<\/div>\n\t\t\t\t\t<\/div>\n\t\t<\/section>\n\t\t\t\t<\/div>\n\t\t","protected":false},"excerpt":{"rendered":"<p>Confira nossos Benef\u00edcios Confira Torne-se um Associado Entre em contato! Quem somos Sobre a Associa\u00e7\u00e3o A Associa\u00e7\u00e3o dos Aposentados e Pensionistas defende os direitos e interesses dos associados. Somos uma entidade privada, sem fins econ\u00f4micos, que promove a\u00e7\u00f5es assistenciais, recreativas e educacionais para aposentados e pensionistas da regi\u00e3o do Grande ABCDMRPRGS. Venha nos conhecer Not\u00edcias [&hellip;]<\/p>\n","protected":false},"author":1,"featured_media":0,"parent":0,"menu_order":0,"comment_status":"closed","ping_status":"closed","template":"elementor_header_footer","meta":{"inline_featured_image":false,"_joinchat":[],"footnotes":""},"class_list":["post-446","page","type-page","status-publish","hentry"],"_links":{"self":[{"href":"https:\/\/associacaoabc.com.br\/site\/wp-json\/wp\/v2\/pages\/446","targetHints":{"allow":["GET"]}}],"collection":[{"href":"https:\/\/associacaoabc.com.br\/site\/wp-json\/wp\/v2\/pages"}],"about":[{"href":"https:\/\/associacaoabc.com.br\/site\/wp-json\/wp\/v2\/types\/page"}],"author":[{"embeddable":true,"href":"https:\/\/associacaoabc.com.br\/site\/wp-json\/wp\/v2\/users\/1"}],"replies":[{"embeddable":true,"href":"https:\/\/associacaoabc.com.br\/site\/wp-json\/wp\/v2\/comments?post=446"}],"version-history":[{"count":23,"href":"https:\/\/associacaoabc.com.br\/site\/wp-json\/wp\/v2\/pages\/446\/revisions"}],"predecessor-version":[{"id":2375,"href":"https:\/\/associacaoabc.com.br\/site\/wp-json\/wp\/v2\/pages\/446\/revisions\/2375"}],"wp:attachment":[{"href":"https:\/\/associacaoabc.com.br\/site\/wp-json\/wp\/v2\/media?parent=446"}],"curies":[{"name":"wp","href":"https:\/\/api.w.org\/{rel}","templated":true}]}}