{"id":63,"date":"2023-12-23T18:36:37","date_gmt":"2023-12-23T18:36:37","guid":{"rendered":"https:\/\/themexriver.com\/wp\/choicy\/?page_id=63"},"modified":"2024-06-27T13:14:19","modified_gmt":"2024-06-27T16:14:19","slug":"quem-somos","status":"publish","type":"page","link":"https:\/\/associacaoabc.com.br\/site\/quem-somos\/","title":{"rendered":"Quem Somos"},"content":{"rendered":"\t\t<div data-elementor-type=\"wp-page\" data-elementor-id=\"63\" class=\"elementor elementor-63\">\n\t\t\t\t\t\t<section class=\"elementor-section elementor-top-section elementor-element elementor-element-68577c9 elementor-section-full_width fix elementor-section-height-default elementor-section-height-default\" data-id=\"68577c9\" data-element_type=\"section\" data-e-type=\"section\" id=\"quem-somos\" data-settings=\"{&quot;background_background&quot;:&quot;classic&quot;}\">\n\t\t\t\t\t\t<div class=\"elementor-container elementor-column-gap-default\">\n\t\t\t\t\t<div class=\"elementor-column elementor-col-100 elementor-top-column elementor-element elementor-element-e97f2e2\" data-id=\"e97f2e2\" data-element_type=\"column\" data-e-type=\"column\">\n\t\t\t<div class=\"elementor-widget-wrap elementor-element-populated\">\n\t\t\t\t\t\t<section class=\"elementor-section elementor-inner-section elementor-element elementor-element-21aae2d elementor-section-boxed elementor-section-height-default elementor-section-height-default\" data-id=\"21aae2d\" data-element_type=\"section\" data-e-type=\"section\">\n\t\t\t\t\t\t<div class=\"elementor-container elementor-column-gap-custom\">\n\t\t\t\t\t<div class=\"elementor-column elementor-col-50 elementor-inner-column elementor-element elementor-element-1817e52\" data-id=\"1817e52\" data-element_type=\"column\" data-e-type=\"column\">\n\t\t\t<div class=\"elementor-widget-wrap elementor-element-populated\">\n\t\t\t\t\t\t<section class=\"elementor-section elementor-inner-section elementor-element elementor-element-359fc21 elementor-section-boxed elementor-section-height-default elementor-section-height-default\" data-id=\"359fc21\" data-element_type=\"section\" data-e-type=\"section\">\n\t\t\t\t\t\t<div class=\"elementor-container elementor-column-gap-default\">\n\t\t\t\t\t<div class=\"elementor-column elementor-col-100 elementor-inner-column elementor-element elementor-element-803c8f5\" data-id=\"803c8f5\" data-element_type=\"column\" data-e-type=\"column\">\n\t\t\t<div class=\"elementor-widget-wrap elementor-element-populated\">\n\t\t\t\t\t\t<div class=\"elementor-element elementor-element-07014d6 elementor-widget elementor-widget-tx_heading elh-el tx_heading\" data-id=\"07014d6\" data-element_type=\"widget\" data-e-type=\"widget\" data-settings=\"{&quot;design_style&quot;:&quot;style_1&quot;}\" data-widget_type=\"tx_heading.default\">\n\t\t\t\t<div class=\"elementor-widget-container\">\n\t\t\t\t\t<div class=\"section-title-wrap text-left\">\r\n        <h5 class=\"chy-subtitle-1 tx-subTitle wow fadeInLeft isShape\">\r\n        Quem Somos    <\/h5>\r\n    \r\n    <h2 class=\"tx-title chy-title-1 chy-split-text chy-split-in-right\">Trazendo Uni\u00e3o e Apoio: Conhe\u00e7a Nossa Associa\u00e7\u00e3o<\/h2>\r\n        <p class=\"tx-description chy-para-1 wow \">\r\n        A Associa\u00e7\u00e3o dos Aposentados e Pensionistas \u00e9 uma entidade dedicada a oferecer suporte integral aos seus associados. Nossa miss\u00e3o \u00e9 defender seus direitos e interesses, promovendo um ambiente de inclus\u00e3o e solidariedade. Estabelecida como uma organiza\u00e7\u00e3o sem fins econ\u00f4micos e de car\u00e1ter filantr\u00f3pico, assistencial, promocional, recreativo e educacional, a associa\u00e7\u00e3o \u00e9 um ponto de encontro para a troca de ideias e oportunidades de a\u00e7\u00e3o entre aposentados e pensionistas da regi\u00e3o do Grande ABCDMRPRGS. Independente de nacionalidade, sexo, ra\u00e7a, cor e cren\u00e7a religiosa, nosso objetivo \u00e9 fortalecer os la\u00e7os comunit\u00e1rios e contribuir para o bem-estar e a qualidade de vida de nossos membros.    <\/p>\r\n    <\/div>\t\t\t\t<\/div>\n\t\t\t\t<\/div>\n\t\t\t\t\t<\/div>\n\t\t<\/div>\n\t\t\t\t\t<\/div>\n\t\t<\/section>\n\t\t\t\t\t<\/div>\n\t\t<\/div>\n\t\t\t\t<div class=\"elementor-column elementor-col-50 elementor-inner-column elementor-element elementor-element-62f57b9\" data-id=\"62f57b9\" data-element_type=\"column\" data-e-type=\"column\">\n\t\t\t<div class=\"elementor-widget-wrap elementor-element-populated\">\n\t\t\t\t\t\t<div class=\"elementor-element elementor-element-e1c2869 elementor-widget elementor-widget-tx_image_box elh-el tx_image_box\" data-id=\"e1c2869\" data-element_type=\"widget\" data-e-type=\"widget\" data-settings=\"{&quot;image_1&quot;:{&quot;url&quot;:&quot;https:\\\/\\\/associacaoabc.com.br\\\/site\\\/wp-content\\\/uploads\\\/2024\\\/06\\\/Quem-somos.png&quot;,&quot;id&quot;:2134,&quot;size&quot;:&quot;&quot;,&quot;alt&quot;:&quot;&quot;,&quot;source&quot;:&quot;library&quot;},&quot;design_style&quot;:&quot;style_1&quot;}\" data-widget_type=\"tx_image_box.default\">\n\t\t\t\t<div class=\"elementor-widget-container\">\n\t\t\t\t\t<div class=\"chy-solutions-1-img\">\r\n    <div class=\"main-img rotatedscal\">\r\n                <img decoding=\"async\" src=\"https:\/\/associacaoabc.com.br\/site\/wp-content\/uploads\/2024\/06\/Quem-somos.png\" alt=\"\" \/>\r\n            <\/div>\r\n    <div class=\"chy-solutions-1-goals\">\r\n        \r\n        \r\n    <\/div>\r\n<\/div>\t\t\t\t<\/div>\n\t\t\t\t<\/div>\n\t\t\t\t\t<\/div>\n\t\t<\/div>\n\t\t\t\t\t<\/div>\n\t\t<\/section>\n\t\t\t\t\t<\/div>\n\t\t<\/div>\n\t\t\t\t\t<\/div>\n\t\t<\/section>\n\t\t\t\t<section class=\"elementor-section elementor-top-section elementor-element elementor-element-3a7800e elementor-section-full_width fix elementor-section-height-default elementor-section-height-default\" data-id=\"3a7800e\" data-element_type=\"section\" data-e-type=\"section\" data-settings=\"{&quot;background_background&quot;:&quot;classic&quot;}\">\n\t\t\t\t\t\t<div class=\"elementor-container elementor-column-gap-default\">\n\t\t\t\t\t<div class=\"elementor-column elementor-col-100 elementor-top-column elementor-element elementor-element-388cfb5\" data-id=\"388cfb5\" data-element_type=\"column\" data-e-type=\"column\">\n\t\t\t<div class=\"elementor-widget-wrap elementor-element-populated\">\n\t\t\t\t\t\t<section class=\"elementor-section elementor-inner-section elementor-element elementor-element-146e442 fix elementor-section-boxed elementor-section-height-default elementor-section-height-default\" data-id=\"146e442\" data-element_type=\"section\" data-e-type=\"section\" id=\"missao-visao-valores\" data-settings=\"{&quot;background_background&quot;:&quot;classic&quot;}\">\n\t\t\t\t\t\t<div class=\"elementor-container elementor-column-gap-default\">\n\t\t\t\t\t<div class=\"elementor-column elementor-col-100 elementor-inner-column elementor-element elementor-element-64c6f89\" data-id=\"64c6f89\" data-element_type=\"column\" data-e-type=\"column\">\n\t\t\t<div class=\"elementor-widget-wrap elementor-element-populated\">\n\t\t\t\t\t\t<div class=\"elementor-element elementor-element-3b2fc89 elementor-widget elementor-widget-tx_heading elh-el tx_heading\" data-id=\"3b2fc89\" data-element_type=\"widget\" data-e-type=\"widget\" data-settings=\"{&quot;design_style&quot;:&quot;style_1&quot;}\" data-widget_type=\"tx_heading.default\">\n\t\t\t\t<div class=\"elementor-widget-container\">\n\t\t\t\t\t<div class=\"section-title-wrap text-center\">\r\n        <h5 class=\"chy-subtitle-1 tx-subTitle wow fadeInDown isShape\">\r\n        Compromisso e Fortalecimento    <\/h5>\r\n    \r\n    <h2 class=\"tx-title chy-title-1 chy-split-text chy-split-in-right\">Nossa Miss\u00e3o, Vis\u00e3o e Valores<\/h2>\r\n        <p class=\"tx-description chy-para-1 wow \">\r\n        Unindo Aposentados e Pensionistas em Defesa de Direitos e Qualidade de Vida    <\/p>\r\n    <\/div>\t\t\t\t<\/div>\n\t\t\t\t<\/div>\n\t\t\t\t\t<\/div>\n\t\t<\/div>\n\t\t\t\t\t<\/div>\n\t\t<\/section>\n\t\t\t\t<section class=\"elementor-section elementor-inner-section elementor-element elementor-element-7562045 elementor-section-boxed elementor-section-height-default elementor-section-height-default\" data-id=\"7562045\" data-element_type=\"section\" data-e-type=\"section\" data-settings=\"{&quot;background_background&quot;:&quot;gradient&quot;}\">\n\t\t\t\t\t\t<div class=\"elementor-container elementor-column-gap-custom\">\n\t\t\t\t\t<div class=\"elementor-column elementor-col-33 elementor-inner-column elementor-element elementor-element-26f642d\" data-id=\"26f642d\" data-element_type=\"column\" data-e-type=\"column\">\n\t\t\t<div class=\"elementor-widget-wrap elementor-element-populated\">\n\t\t\t\t\t\t<div class=\"elementor-element elementor-element-6077046 elementor-widget elementor-widget-tx_info_box elh-el tx_info_box\" data-id=\"6077046\" data-element_type=\"widget\" data-e-type=\"widget\" data-settings=\"{&quot;design_style&quot;:&quot;style_2&quot;}\" data-widget_type=\"tx_info_box.default\">\n\t\t\t\t<div class=\"elementor-widget-container\">\n\t\t\t\t\t<div class=\"chy-research-1-item m-0 tx-infoBox chy-slideinleft\">\r\n    <div class=\"main-img\">\r\n                <img decoding=\"async\" src=\"https:\/\/associacaoabc.com.br\/site\/wp-content\/uploads\/2024\/06\/missao.png\" alt=\"\">\r\n        \r\n            <\/div>\r\n\r\n        <h5 class=\"chy-heading-1 title tx-title\">Miss\u00e3o<\/h5>\r\n    \r\n        <p class=\"chy-para-1 disc tx-description\">A Associa\u00e7\u00e3o dos Aposentados e Pensionistas existe para prestar assist\u00eancia aos associados, defendendo seus direitos e interesses, mantendo um canal de comunica\u00e7\u00e3o aberto para troca de ideias e oportunidades de a\u00e7\u00e3o.<\/p>\r\n    <\/div>\t\t\t\t<\/div>\n\t\t\t\t<\/div>\n\t\t\t\t\t<\/div>\n\t\t<\/div>\n\t\t\t\t<div class=\"elementor-column elementor-col-33 elementor-inner-column elementor-element elementor-element-3053bce\" data-id=\"3053bce\" data-element_type=\"column\" data-e-type=\"column\">\n\t\t\t<div class=\"elementor-widget-wrap elementor-element-populated\">\n\t\t\t\t\t\t<div class=\"elementor-element elementor-element-42d2702 elementor-widget elementor-widget-tx_info_box elh-el tx_info_box\" data-id=\"42d2702\" data-element_type=\"widget\" data-e-type=\"widget\" data-settings=\"{&quot;design_style&quot;:&quot;style_2&quot;}\" data-widget_type=\"tx_info_box.default\">\n\t\t\t\t<div class=\"elementor-widget-container\">\n\t\t\t\t\t<div class=\"chy-research-1-item m-0 tx-infoBox chy-slideinup\">\r\n    <div class=\"main-img\">\r\n                <img decoding=\"async\" src=\"https:\/\/associacaoabc.com.br\/site\/wp-content\/uploads\/2024\/06\/visao.png\" alt=\"\">\r\n        \r\n            <\/div>\r\n\r\n        <h5 class=\"chy-heading-1 title tx-title\">Vis\u00e3o<\/h5>\r\n    \r\n        <p class=\"chy-para-1 disc tx-description\">Ser reconhecida como a principal entidade sindical especializada no Brasil, oferecendo a melhor assist\u00eancia para a qualidade de vida de nossos associados. <\/p>\r\n    <\/div>\t\t\t\t<\/div>\n\t\t\t\t<\/div>\n\t\t\t\t\t<\/div>\n\t\t<\/div>\n\t\t\t\t<div class=\"elementor-column elementor-col-33 elementor-inner-column elementor-element elementor-element-652ce42\" data-id=\"652ce42\" data-element_type=\"column\" data-e-type=\"column\">\n\t\t\t<div class=\"elementor-widget-wrap elementor-element-populated\">\n\t\t\t\t\t\t<div class=\"elementor-element elementor-element-87f6114 elementor-widget elementor-widget-tx_info_box elh-el tx_info_box\" data-id=\"87f6114\" data-element_type=\"widget\" data-e-type=\"widget\" data-settings=\"{&quot;design_style&quot;:&quot;style_2&quot;}\" data-widget_type=\"tx_info_box.default\">\n\t\t\t\t<div class=\"elementor-widget-container\">\n\t\t\t\t\t<div class=\"chy-research-1-item m-0 tx-infoBox chy-slideinright\">\r\n    <div class=\"main-img\">\r\n                <img decoding=\"async\" src=\"https:\/\/associacaoabc.com.br\/site\/wp-content\/uploads\/2024\/06\/valores.png\" alt=\"\">\r\n        \r\n            <\/div>\r\n\r\n        <h5 class=\"chy-heading-1 title tx-title\">Valores<\/h5>\r\n    \r\n        <p class=\"chy-para-1 disc tx-description\">A associa\u00e7\u00e3o \u00e9 uma entidade de classe de direito privado, constitu\u00edda por tempo indeterminado, sem fins econ\u00f4micos, de car\u00e1ter organizacional, filantr\u00f3pico, assistencial, promocional, recreativo e educacional, sem cunho pol\u00edtico ou partid\u00e1rio, que congrega, independente de nacionalidade, sexo, ra\u00e7a, cor e cren\u00e7a religiosa, os aposentados e pensionistas da regi\u00e3o do Grande ABCDMRPRGS.<\/p>\r\n    <\/div>\t\t\t\t<\/div>\n\t\t\t\t<\/div>\n\t\t\t\t\t<\/div>\n\t\t<\/div>\n\t\t\t\t\t<\/div>\n\t\t<\/section>\n\t\t\t\t\t<\/div>\n\t\t<\/div>\n\t\t\t\t\t<\/div>\n\t\t<\/section>\n\t\t\t\t<section class=\"elementor-section elementor-top-section elementor-element elementor-element-0eced30 elementor-section-full_width fix elementor-section-height-default elementor-section-height-default\" data-id=\"0eced30\" data-element_type=\"section\" data-e-type=\"section\" data-settings=\"{&quot;background_background&quot;:&quot;classic&quot;}\">\n\t\t\t\t\t\t<div class=\"elementor-container elementor-column-gap-default\">\n\t\t\t\t\t<div class=\"elementor-column elementor-col-100 elementor-top-column elementor-element elementor-element-3946b8e\" data-id=\"3946b8e\" data-element_type=\"column\" data-e-type=\"column\">\n\t\t\t<div class=\"elementor-widget-wrap elementor-element-populated\">\n\t\t\t\t\t\t<section class=\"elementor-section elementor-inner-section elementor-element elementor-element-f3c13b8 elementor-section-boxed elementor-section-height-default elementor-section-height-default\" data-id=\"f3c13b8\" data-element_type=\"section\" data-e-type=\"section\">\n\t\t\t\t\t\t<div class=\"elementor-container elementor-column-gap-default\">\n\t\t\t\t\t<div class=\"elementor-column elementor-col-100 elementor-inner-column elementor-element elementor-element-5d3cb52\" data-id=\"5d3cb52\" data-element_type=\"column\" data-e-type=\"column\">\n\t\t\t<div class=\"elementor-widget-wrap\">\n\t\t\t\t\t\t\t<\/div>\n\t\t<\/div>\n\t\t\t\t\t<\/div>\n\t\t<\/section>\n\t\t\t\t<section class=\"elementor-section elementor-inner-section elementor-element elementor-element-a9b8a6d elementor-section-content-middle elementor-section-boxed elementor-section-height-default elementor-section-height-default\" data-id=\"a9b8a6d\" data-element_type=\"section\" data-e-type=\"section\" id=\"nossa-historia\">\n\t\t\t\t\t\t<div class=\"elementor-container elementor-column-gap-custom\">\n\t\t\t\t\t<div class=\"elementor-column elementor-col-50 elementor-inner-column elementor-element elementor-element-a76b772\" data-id=\"a76b772\" data-element_type=\"column\" data-e-type=\"column\">\n\t\t\t<div class=\"elementor-widget-wrap elementor-element-populated\">\n\t\t\t\t\t\t<div class=\"elementor-element elementor-element-b8a1452 elementor-widget elementor-widget-video\" data-id=\"b8a1452\" data-element_type=\"widget\" data-e-type=\"widget\" data-settings=\"{&quot;youtube_url&quot;:&quot;https:\\\/\\\/www.youtube.com\\\/watch?v=WUn479LtLOA&amp;ab_channel=AssociacaodosAposentados&quot;,&quot;video_type&quot;:&quot;youtube&quot;,&quot;controls&quot;:&quot;yes&quot;}\" data-widget_type=\"video.default\">\n\t\t\t\t<div class=\"elementor-widget-container\">\n\t\t\t\t\t\t\t<div class=\"elementor-wrapper elementor-open-inline\">\n\t\t\t<div class=\"elementor-video\"><\/div>\t\t<\/div>\n\t\t\t\t\t\t<\/div>\n\t\t\t\t<\/div>\n\t\t\t\t\t<\/div>\n\t\t<\/div>\n\t\t\t\t<div class=\"elementor-column elementor-col-50 elementor-inner-column elementor-element elementor-element-621bb0a\" data-id=\"621bb0a\" data-element_type=\"column\" data-e-type=\"column\">\n\t\t\t<div class=\"elementor-widget-wrap elementor-element-populated\">\n\t\t\t\t\t\t<div class=\"elementor-element elementor-element-980c246 elementor-widget elementor-widget-tx_heading elh-el tx_heading\" data-id=\"980c246\" data-element_type=\"widget\" data-e-type=\"widget\" data-settings=\"{&quot;design_style&quot;:&quot;style_1&quot;}\" data-widget_type=\"tx_heading.default\">\n\t\t\t\t<div class=\"elementor-widget-container\">\n\t\t\t\t\t<div class=\"section-title-wrap text-right\">\r\n        <h5 class=\"chy-subtitle-1 tx-subTitle wow fadeInDown isShape\">\r\n        Nossa Hist\u00f3ria    <\/h5>\r\n    \r\n    <h2 class=\"tx-title chy-title-1 chy-split-text chy-split-in-right\">23 Anos de Comprometimento e Crescimento<\/h2>\r\n        <p class=\"tx-description chy-para-1 wow slideInRight\">\r\n        Desde a sua funda\u00e7\u00e3o h\u00e1 23 anos, a nossa Associa\u00e7\u00e3o tem crescido e se fortalecido continuamente. Ao longo dessa trajet\u00f3ria, temos mantido um compromisso firme com a qualidade e a excel\u00eancia no atendimento aos nossos associados. Com uma equipe de prestadores prestativos e profissionais respons\u00e1veis, buscamos constantemente melhorar e expandir nossos servi\u00e7os para melhor atender \u00e0s necessidades da comunidade de aposentados e pensionistas que servimos. Assista ao nosso v\u00eddeo institucional abaixo para conhecer mais sobre a nossa hist\u00f3ria e os valores que nos guiam diariamente.    <\/p>\r\n    <\/div>\t\t\t\t<\/div>\n\t\t\t\t<\/div>\n\t\t\t\t\t<\/div>\n\t\t<\/div>\n\t\t\t\t\t<\/div>\n\t\t<\/section>\n\t\t\t\t\t<\/div>\n\t\t<\/div>\n\t\t\t\t\t<\/div>\n\t\t<\/section>\n\t\t\t\t<\/div>\n\t\t","protected":false},"excerpt":{"rendered":"<p>Quem Somos Trazendo Uni\u00e3o e Apoio: Conhe\u00e7a Nossa Associa\u00e7\u00e3o A Associa\u00e7\u00e3o dos Aposentados e Pensionistas \u00e9 uma entidade dedicada a oferecer suporte integral aos seus associados. Nossa miss\u00e3o \u00e9 defender seus direitos e interesses, promovendo um ambiente de inclus\u00e3o e solidariedade. Estabelecida como uma organiza\u00e7\u00e3o sem fins econ\u00f4micos e de car\u00e1ter filantr\u00f3pico, assistencial, promocional, recreativo [&hellip;]<\/p>\n","protected":false},"author":1,"featured_media":0,"parent":0,"menu_order":0,"comment_status":"closed","ping_status":"closed","template":"elementor_header_footer","meta":{"inline_featured_image":false,"_joinchat":[],"footnotes":""},"class_list":["post-63","page","type-page","status-publish","hentry"],"_links":{"self":[{"href":"https:\/\/associacaoabc.com.br\/site\/wp-json\/wp\/v2\/pages\/63","targetHints":{"allow":["GET"]}}],"collection":[{"href":"https:\/\/associacaoabc.com.br\/site\/wp-json\/wp\/v2\/pages"}],"about":[{"href":"https:\/\/associacaoabc.com.br\/site\/wp-json\/wp\/v2\/types\/page"}],"author":[{"embeddable":true,"href":"https:\/\/associacaoabc.com.br\/site\/wp-json\/wp\/v2\/users\/1"}],"replies":[{"embeddable":true,"href":"https:\/\/associacaoabc.com.br\/site\/wp-json\/wp\/v2\/comments?post=63"}],"version-history":[{"count":8,"href":"https:\/\/associacaoabc.com.br\/site\/wp-json\/wp\/v2\/pages\/63\/revisions"}],"predecessor-version":[{"id":2333,"href":"https:\/\/associacaoabc.com.br\/site\/wp-json\/wp\/v2\/pages\/63\/revisions\/2333"}],"wp:attachment":[{"href":"https:\/\/associacaoabc.com.br\/site\/wp-json\/wp\/v2\/media?parent=63"}],"curies":[{"name":"wp","href":"https:\/\/api.w.org\/{rel}","templated":true}]}}