{"id":703,"date":"2024-01-08T20:05:46","date_gmt":"2024-01-08T20:05:46","guid":{"rendered":"https:\/\/themexriver.com\/wp\/choicy\/?page_id=703"},"modified":"2024-06-20T20:49:29","modified_gmt":"2024-06-20T23:49:29","slug":"revistas","status":"publish","type":"page","link":"https:\/\/associacaoabc.com.br\/site\/revistas\/","title":{"rendered":"Revistas"},"content":{"rendered":"\t\t<div data-elementor-type=\"wp-page\" data-elementor-id=\"703\" class=\"elementor elementor-703\">\n\t\t\t\t\t\t<section class=\"elementor-section elementor-top-section elementor-element elementor-element-ead06af elementor-section-full_width fix elementor-section-height-default elementor-section-height-default\" data-id=\"ead06af\" data-element_type=\"section\" data-e-type=\"section\" data-settings=\"{&quot;background_background&quot;:&quot;classic&quot;}\">\n\t\t\t\t\t\t<div class=\"elementor-container elementor-column-gap-default\">\n\t\t\t\t\t<div class=\"elementor-column elementor-col-100 elementor-top-column elementor-element elementor-element-22abc14\" data-id=\"22abc14\" data-element_type=\"column\" data-e-type=\"column\">\n\t\t\t<div class=\"elementor-widget-wrap elementor-element-populated\">\n\t\t\t\t\t\t<section class=\"elementor-section elementor-inner-section elementor-element elementor-element-a4f77a9 elementor-section-boxed elementor-section-height-default elementor-section-height-default\" data-id=\"a4f77a9\" data-element_type=\"section\" data-e-type=\"section\">\n\t\t\t\t\t\t<div class=\"elementor-container elementor-column-gap-default\">\n\t\t\t\t\t<div class=\"elementor-column elementor-col-100 elementor-inner-column elementor-element elementor-element-330da72\" data-id=\"330da72\" data-element_type=\"column\" data-e-type=\"column\">\n\t\t\t<div class=\"elementor-widget-wrap elementor-element-populated\">\n\t\t\t\t\t\t<div class=\"elementor-element elementor-element-5537153 elementor-widget elementor-widget-tx_heading elh-el tx_heading\" data-id=\"5537153\" data-element_type=\"widget\" data-e-type=\"widget\" data-settings=\"{&quot;design_style&quot;:&quot;style_1&quot;}\" data-widget_type=\"tx_heading.default\">\n\t\t\t\t<div class=\"elementor-widget-container\">\n\t\t\t\t\t<div class=\"section-title-wrap text-center\">\r\n        <h5 class=\"chy-subtitle-1 tx-subTitle wow fadeInDown isShape\">\r\n        Revista do Aposentado    <\/h5>\r\n    \r\n    <h2 class=\"tx-title chy-title-1 chy-split-text chy-split-in-right\">Not\u00edcias, Sa\u00fade e Bem-Estar para Voc\u00ea<\/h2>\r\n        <p class=\"tx-description chy-para-1 wow \">\r\n            <\/p>\r\n    <\/div>\t\t\t\t<\/div>\n\t\t\t\t<\/div>\n\t\t\t\t\t<\/div>\n\t\t<\/div>\n\t\t\t\t\t<\/div>\n\t\t<\/section>\n\t\t\t\t<section class=\"elementor-section elementor-inner-section elementor-element elementor-element-f841fa3 elementor-section-boxed elementor-section-height-default elementor-section-height-default\" data-id=\"f841fa3\" data-element_type=\"section\" data-e-type=\"section\">\n\t\t\t\t\t\t<div class=\"elementor-container elementor-column-gap-default\">\n\t\t\t\t\t<div class=\"elementor-column elementor-col-25 elementor-inner-column elementor-element elementor-element-1f23d92\" data-id=\"1f23d92\" data-element_type=\"column\" data-e-type=\"column\">\n\t\t\t<div class=\"elementor-widget-wrap elementor-element-populated\">\n\t\t\t\t\t\t<div class=\"elementor-element elementor-element-dea42c1 elementor-widget elementor-widget-image\" data-id=\"dea42c1\" data-element_type=\"widget\" data-e-type=\"widget\" data-widget_type=\"image.default\">\n\t\t\t\t<div class=\"elementor-widget-container\">\n\t\t\t\t\t\t\t\t\t\t\t\t\t\t\t\t<a href=\"https:\/\/associacaoabc.com.br\/site\/wp-content\/uploads\/2024\/06\/1803.pdf\">\n\t\t\t\t\t\t\t<img fetchpriority=\"high\" decoding=\"async\" width=\"300\" height=\"425\" src=\"https:\/\/associacaoabc.com.br\/site\/wp-content\/uploads\/2024\/06\/edicao01.jpg\" class=\"attachment-full size-full wp-image-2195\" alt=\"\" srcset=\"https:\/\/associacaoabc.com.br\/site\/wp-content\/uploads\/2024\/06\/edicao01.jpg 300w, https:\/\/associacaoabc.com.br\/site\/wp-content\/uploads\/2024\/06\/edicao01-212x300.jpg 212w\" sizes=\"(max-width: 300px) 100vw, 300px\" \/>\t\t\t\t\t\t\t\t<\/a>\n\t\t\t\t\t\t\t\t\t\t\t\t\t\t\t<\/div>\n\t\t\t\t<\/div>\n\t\t\t\t\t<\/div>\n\t\t<\/div>\n\t\t\t\t<div class=\"elementor-column elementor-col-25 elementor-inner-column elementor-element elementor-element-a7ae649\" data-id=\"a7ae649\" data-element_type=\"column\" data-e-type=\"column\">\n\t\t\t<div class=\"elementor-widget-wrap elementor-element-populated\">\n\t\t\t\t\t\t<div class=\"elementor-element elementor-element-2f3e8b2 elementor-widget elementor-widget-image\" data-id=\"2f3e8b2\" data-element_type=\"widget\" data-e-type=\"widget\" data-widget_type=\"image.default\">\n\t\t\t\t<div class=\"elementor-widget-container\">\n\t\t\t\t\t\t\t\t\t\t\t\t\t\t\t\t<a href=\"https:\/\/associacaoabc.com.br\/site\/wp-content\/uploads\/2024\/06\/1712.pdf\">\n\t\t\t\t\t\t\t<img decoding=\"async\" width=\"300\" height=\"425\" src=\"https:\/\/associacaoabc.com.br\/site\/wp-content\/uploads\/2024\/06\/edicao03.jpg\" class=\"attachment-full size-full wp-image-2198\" alt=\"\" srcset=\"https:\/\/associacaoabc.com.br\/site\/wp-content\/uploads\/2024\/06\/edicao03.jpg 300w, https:\/\/associacaoabc.com.br\/site\/wp-content\/uploads\/2024\/06\/edicao03-212x300.jpg 212w\" sizes=\"(max-width: 300px) 100vw, 300px\" \/>\t\t\t\t\t\t\t\t<\/a>\n\t\t\t\t\t\t\t\t\t\t\t\t\t\t\t<\/div>\n\t\t\t\t<\/div>\n\t\t\t\t\t<\/div>\n\t\t<\/div>\n\t\t\t\t<div class=\"elementor-column elementor-col-25 elementor-inner-column elementor-element elementor-element-a2c2e4c\" data-id=\"a2c2e4c\" data-element_type=\"column\" data-e-type=\"column\">\n\t\t\t<div class=\"elementor-widget-wrap elementor-element-populated\">\n\t\t\t\t\t\t<div class=\"elementor-element elementor-element-bf78f30 elementor-widget elementor-widget-image\" data-id=\"bf78f30\" data-element_type=\"widget\" data-e-type=\"widget\" data-widget_type=\"image.default\">\n\t\t\t\t<div class=\"elementor-widget-container\">\n\t\t\t\t\t\t\t\t\t\t\t\t\t\t\t\t<a href=\"https:\/\/associacaoabc.com.br\/site\/wp-content\/uploads\/2024\/06\/1708.pdf\">\n\t\t\t\t\t\t\t<img decoding=\"async\" width=\"300\" height=\"425\" src=\"https:\/\/associacaoabc.com.br\/site\/wp-content\/uploads\/2024\/06\/edicao02.jpg\" class=\"attachment-full size-full wp-image-2197\" alt=\"\" srcset=\"https:\/\/associacaoabc.com.br\/site\/wp-content\/uploads\/2024\/06\/edicao02.jpg 300w, https:\/\/associacaoabc.com.br\/site\/wp-content\/uploads\/2024\/06\/edicao02-212x300.jpg 212w\" sizes=\"(max-width: 300px) 100vw, 300px\" \/>\t\t\t\t\t\t\t\t<\/a>\n\t\t\t\t\t\t\t\t\t\t\t\t\t\t\t<\/div>\n\t\t\t\t<\/div>\n\t\t\t\t\t<\/div>\n\t\t<\/div>\n\t\t\t\t<div class=\"elementor-column elementor-col-25 elementor-inner-column elementor-element elementor-element-8c475c6\" data-id=\"8c475c6\" data-element_type=\"column\" data-e-type=\"column\">\n\t\t\t<div class=\"elementor-widget-wrap elementor-element-populated\">\n\t\t\t\t\t\t<div class=\"elementor-element elementor-element-3bebfee elementor-widget elementor-widget-image\" data-id=\"3bebfee\" data-element_type=\"widget\" data-e-type=\"widget\" data-widget_type=\"image.default\">\n\t\t\t\t<div class=\"elementor-widget-container\">\n\t\t\t\t\t\t\t\t\t\t\t\t\t\t\t\t<a href=\"https:\/\/associacaoabc.com.br\/site\/wp-content\/uploads\/2024\/06\/17-05_04.pdf\">\n\t\t\t\t\t\t\t<img loading=\"lazy\" decoding=\"async\" width=\"300\" height=\"425\" src=\"https:\/\/associacaoabc.com.br\/site\/wp-content\/uploads\/2024\/06\/edicao01-1.jpg\" class=\"attachment-full size-full wp-image-2196\" alt=\"\" srcset=\"https:\/\/associacaoabc.com.br\/site\/wp-content\/uploads\/2024\/06\/edicao01-1.jpg 300w, https:\/\/associacaoabc.com.br\/site\/wp-content\/uploads\/2024\/06\/edicao01-1-212x300.jpg 212w\" sizes=\"(max-width: 300px) 100vw, 300px\" \/>\t\t\t\t\t\t\t\t<\/a>\n\t\t\t\t\t\t\t\t\t\t\t\t\t\t\t<\/div>\n\t\t\t\t<\/div>\n\t\t\t\t\t<\/div>\n\t\t<\/div>\n\t\t\t\t\t<\/div>\n\t\t<\/section>\n\t\t\t\t\t<\/div>\n\t\t<\/div>\n\t\t\t\t\t<\/div>\n\t\t<\/section>\n\t\t\t\t<\/div>\n\t\t","protected":false},"excerpt":{"rendered":"<p>Revista do Aposentado Not\u00edcias, Sa\u00fade e Bem-Estar para Voc\u00ea<\/p>\n","protected":false},"author":1,"featured_media":0,"parent":0,"menu_order":0,"comment_status":"closed","ping_status":"closed","template":"elementor_header_footer","meta":{"inline_featured_image":false,"_joinchat":[],"footnotes":""},"class_list":["post-703","page","type-page","status-publish","hentry"],"_links":{"self":[{"href":"https:\/\/associacaoabc.com.br\/site\/wp-json\/wp\/v2\/pages\/703","targetHints":{"allow":["GET"]}}],"collection":[{"href":"https:\/\/associacaoabc.com.br\/site\/wp-json\/wp\/v2\/pages"}],"about":[{"href":"https:\/\/associacaoabc.com.br\/site\/wp-json\/wp\/v2\/types\/page"}],"author":[{"embeddable":true,"href":"https:\/\/associacaoabc.com.br\/site\/wp-json\/wp\/v2\/users\/1"}],"replies":[{"embeddable":true,"href":"https:\/\/associacaoabc.com.br\/site\/wp-json\/wp\/v2\/comments?post=703"}],"version-history":[{"count":4,"href":"https:\/\/associacaoabc.com.br\/site\/wp-json\/wp\/v2\/pages\/703\/revisions"}],"predecessor-version":[{"id":2204,"href":"https:\/\/associacaoabc.com.br\/site\/wp-json\/wp\/v2\/pages\/703\/revisions\/2204"}],"wp:attachment":[{"href":"https:\/\/associacaoabc.com.br\/site\/wp-json\/wp\/v2\/media?parent=703"}],"curies":[{"name":"wp","href":"https:\/\/api.w.org\/{rel}","templated":true}]}}